{"id":9213,"date":"2021-09-29T21:51:16","date_gmt":"2021-09-29T19:51:16","guid":{"rendered":"https:\/\/www.aigorithmics.com\/privacy-policy\/"},"modified":"2021-09-29T21:51:16","modified_gmt":"2021-09-29T19:51:16","slug":"privacy-policy","status":"publish","type":"page","link":"https:\/\/www.aigorithmics.com\/en\/privacy-policy\/","title":{"rendered":"Privacy Policy"},"content":{"rendered":"<p>[vc_row bg_position=&#8221;center center&#8221; enable_overlay=&#8221;yes&#8221; css=&#8221;.vc_custom_1632461936881{padding-top: 60px !important;background-image: url(http:\/\/serwer1945616.home.pl\/ai2021\/wp-content\/uploads\/2021\/09\/wspolpraca.jpg?id=5966) !important;background-position: center !important;background-repeat: no-repeat !important;background-size: cover !important;}&#8221; responsive_css=&#8221;padding_top_medium:80px|padding_bottom_medium:80px&#8221; el_id=&#8221;testimonials&#8221; row_hide=&#8221;hidden-xs hidden-sm&#8221;][vc_column enable_content_animation=&#8221;yes&#8221; ca_init_scale_x=&#8221;1&#8243; ca_init_scale_y=&#8221;1&#8243; ca_init_opacity=&#8221;0&#8243; ca_an_scale_x=&#8221;1&#8243; ca_an_scale_y=&#8221;1&#8243; ca_an_opacity=&#8221;1&#8243; ca_init_scale_z=&#8221;1&#8243; ca_an_scale_z=&#8221;1&#8243; align=&#8221;text-center&#8221; offset=&#8221;vc_col-md-offset-2 vc_col-md-8&#8243; ca_duration=&#8221;1800&#8243; ca_delay=&#8221;180&#8243; ca_init_translate_y=&#8221;35&#8243; responsive_css=&#8221;margin_bottom_medium:80px&#8221; responsive_align=&#8221;text-center&#8221; css=&#8221;.vc_custom_1631550611910{margin-top: 80px !important;margin-bottom: 20px !important;}&#8221;]<style>.ld_fancy_heading_69e4b56c7af1c h2 {font-size:32px; } @media (min-width: 992px) { .ld_fancy_heading_69e4b56c7af1c h2 {font-size:40px; }  } .ld_fancy_heading_69e4b56c7af1c .lqd-highlight-inner svg{height:0.275em!important;}.ld_fancy_heading_69e4b56c7af1c h2 {font-size:32px; } @media (min-width: 992px) { .ld_fancy_heading_69e4b56c7af1c h2 {font-size:40px; }  } .ld_fancy_heading_69e4b56c7af1c .lqd-highlight-inner{bottom:0px!important;}.ld_fancy_heading_69e4b56c7af1c h2 {font-size:32px; } @media (min-width: 992px) { .ld_fancy_heading_69e4b56c7af1c h2 {font-size:40px; }  } <\/style><div class=\"ld-fancy-heading ld_fancy_heading_69e4b56c7af1c\">\n\t<h2 class=\"ld-fh-element lqd-highlight-custom-underline lqd-highlight-grow-left text-decoration-default\"   >  Privacy Policy<\/h2><\/div>[vc_column_text]<strong>Pursuant to Article 13(1) and (2) of the Regulation of the European Parliament and of the Council of 27 April 2016 on the protection of natural persons with regard to the processing of personal data and on the free movement of such data, and repealing Directive 95\/46\/EC (hereinafter: &#8220;GDPR&#8221;), we hereby inform you that:    <\/strong><\/p>\n<ol>\n<li>The Controller of your personal data is Aigorithmics Sp. z o.o. with its registered office in Krakow at ul. Bronowicka 10A, 30-084 Krakow, entered into the National Court Register in the register of entrepreneurs maintained by the District Court for Krakow-\u015ar\u00f3dmie\u015bcie in Krakow, XI Commercial Division in Krakow, under KRS number: 00000792942, holding tax identification number NIP: 6772444993, REGON: 383748351.<\/li>\n<li>You may contact the Controller by sending an e-mail to: kontakt@aigorithmics.com, by phone at +48 606 799 223, or by mail to the Controller&#8217;s correspondence address indicated in point 1. 1.<\/li>\n<li>Your personal data will be processed for the following purposes:<br \/>a) Establishing and maintaining contact, as well as answering questions \u2013 the legal basis is the legitimate interest of the controller (Article 6(1)(f) of the GDPR), consisting in maintaining contact with individuals;<br \/>b) Ensuring the proper functioning of the website through cookies, which constitutes the legitimate interest of the controller (Article 6(1)(f) of the GDPR), consisting in enabling the use of the website;<br \/>c) Establishing or pursuing potential claims or defending against such claims by the Controller \u2013 the legal basis for processing is the legitimate interest of the Controller (Article 6(1)(f) of the GDPR), consisting in defending its economic interests.<\/li>\n<li>Your personal data will be processed until your question is answered or for the duration of contact. The processing period may be extended each time by the period of limitation of claims, if the processing of your personal data is necessary for the establishment or pursuit of potential claims or defense against such claims by the Controller. After this period, data will be processed only to the extent required by law.  <\/li>\n<li>Your personal data may be transferred to entities providing services to the Controller, in particular IT service providers and entities providing administrative support.<\/li>\n<li>You have the right to access your data and the right to obtain a copy thereof, to request their rectification, erasure, restriction of processing, and to object to data processing.<\/li>\n<li>You have the right to lodge a complaint with a supervisory authority if you believe that the processing of your personal data violates the provisions of the GDPR or other regulations defining the manner of processing and protection of personal data.<\/li>\n<li>The data provided by you will not be subject to profiling.<\/li>\n<li>We inform you that providing data is voluntary, but necessary to establish contact with the Controller.<\/li>\n<\/ol>\n<p><strong>COOKIES<\/strong><\/p>\n<ol>\n<li>We inform you that cookies are used on this website.<\/li>\n<li>Cookies are used for technical purposes, enabling the proper functioning of the website, e.g., verifying whether a given device has previously visited our website, and ensuring appropriate display of the page depending on the device used.<\/li>\n<li>The website distinguishes the following types of cookies:<br \/>a) Session cookies \u2013 stored on the device until you leave the website, e.g., by closing the web browser;<br \/>b) Persistent cookies \u2013 remain until they are manually deleted or until a specified time set in the browser expires.<\/li>\n<li>Through cookies, we obtain information regarding:<br \/>a. Device IP;<br \/>b. Confirmation of whether you have already visited our website.  <\/li>\n<li>Some cookies are downloaded by the web browser when you enter the website. To block the ability to download cookies, you should use the method available for your specific web browser:<br \/>a) <a href=\"https:\/\/support.mozilla.org\/pl\/kb\/wzmocniona-ochrona-przed-sledzeniem-firefox-desktop?redirectslug=W%C5%82%C4%85czanie+i+wy%C5%82%C4%85czanie+obs%C5%82ugi+ciasteczek&amp;redirectlocale=pl\">Firefox<\/a>;<br \/>b) <a href=\"https:\/\/support.google.com\/accounts\/answer\/61416?co=GENIE.Platform%3DDesktop&amp;hl=pl\">Chrome<\/a>;<br \/>c) <a href=\"https:\/\/support.microsoft.com\/pl-pl\/windows\/usuwanie-plik%C3%B3w-cookie-i-zarz%C4%85dzanie-nimi-168dab11-0753-043d-7c16-ede5947fc64d\">Microsoft Edge<\/a>;<br \/>d) <a href=\"https:\/\/support.apple.com\/pl-pl\/HT201265\">Safari<\/a>. <\/li>\n<\/ol>\n<p>The inability to save\/read cookies may result in incomplete and incorrect functioning of the website; however, using the website will still be possible.[\/vc_column_text][\/vc_column][\/vc_row]<\/p>\n","protected":false},"excerpt":{"rendered":"<p>[vc_row bg_position=&#8221;center center&#8221; enable_overlay=&#8221;yes&#8221; css=&#8221;.vc_custom_1632461936881{padding-top: 60px !important;background-image: url(http:\/\/serwer1945616.home.pl\/ai2021\/wp-content\/uploads\/2021\/09\/wspolpraca.jpg?id=5966) !important;background-position: center !important;background-repeat: no-repeat !important;background-size: cover !important;}&#8221; responsive_css=&#8221;padding_top_medium:80px|padding_bottom_medium:80px&#8221; el_id=&#8221;testimonials&#8221; row_hide=&#8221;hidden-xs hidden-sm&#8221;][vc_column enable_content_animation=&#8221;yes&#8221; ca_init_scale_x=&#8221;1&#8243; ca_init_scale_y=&#8221;1&#8243; ca_init_opacity=&#8221;0&#8243; ca_an_scale_x=&#8221;1&#8243; ca_an_scale_y=&#8221;1&#8243; ca_an_opacity=&#8221;1&#8243; ca_init_scale_z=&#8221;1&#8243; ca_an_scale_z=&#8221;1&#8243; align=&#8221;text-center&#8221; offset=&#8221;vc_col-md-offset-2 vc_col-md-8&#8243; ca_duration=&#8221;1800&#8243; ca_delay=&#8221;180&#8243; ca_init_translate_y=&#8221;35&#8243; responsive_css=&#8221;margin_bottom_medium:80px&#8221; responsive_align=&#8221;text-center&#8221; css=&#8221;.vc_custom_1631550611910{margin-top: 80px !important;margin-bottom: 20px !important;}&#8221;][vc_column_text]Pursuant to Article 13(1) and (2) of the Regulation of the European Parliament and of [&hellip;]<\/p>\n","protected":false},"author":1,"featured_media":0,"parent":0,"menu_order":0,"comment_status":"closed","ping_status":"closed","template":"","meta":{"footnotes":""},"class_list":["post-9213","page","type-page","status-publish","hentry"],"_links":{"self":[{"href":"https:\/\/www.aigorithmics.com\/en\/wp-json\/wp\/v2\/pages\/9213","targetHints":{"allow":["GET"]}}],"collection":[{"href":"https:\/\/www.aigorithmics.com\/en\/wp-json\/wp\/v2\/pages"}],"about":[{"href":"https:\/\/www.aigorithmics.com\/en\/wp-json\/wp\/v2\/types\/page"}],"author":[{"embeddable":true,"href":"https:\/\/www.aigorithmics.com\/en\/wp-json\/wp\/v2\/users\/1"}],"replies":[{"embeddable":true,"href":"https:\/\/www.aigorithmics.com\/en\/wp-json\/wp\/v2\/comments?post=9213"}],"version-history":[{"count":0,"href":"https:\/\/www.aigorithmics.com\/en\/wp-json\/wp\/v2\/pages\/9213\/revisions"}],"wp:attachment":[{"href":"https:\/\/www.aigorithmics.com\/en\/wp-json\/wp\/v2\/media?parent=9213"}],"curies":[{"name":"wp","href":"https:\/\/api.w.org\/{rel}","templated":true}]}}